{"id":10,"date":"2025-05-04T19:29:24","date_gmt":"2025-05-04T19:29:24","guid":{"rendered":"https:\/\/ebookvaquejada.com\/?page_id=10"},"modified":"2025-05-10T23:47:18","modified_gmt":"2025-05-10T23:47:18","slug":"valeu-boi-o-negocio-da-vaquejada-ebook-completo","status":"publish","type":"page","link":"https:\/\/ebookvaquejada.com\/","title":{"rendered":"Valeu Boi! O Neg\u00f3cio da Vaquejada &#8211; Ebook Completo"},"content":{"rendered":"\t\t<div data-elementor-type=\"wp-post\" data-elementor-id=\"10\" class=\"elementor elementor-10\">\n\t\t\t\t<div class=\"elementor-element elementor-element-2686fe2 e-con-full e-flex e-con e-parent\" data-id=\"2686fe2\" data-element_type=\"container\">\n\t\t<div class=\"elementor-element elementor-element-ac045f5 e-con-full e-flex e-con e-child\" data-id=\"ac045f5\" data-element_type=\"container\" data-settings=\"{&quot;background_background&quot;:&quot;classic&quot;,&quot;shape_divider_bottom&quot;:&quot;split&quot;}\">\n\t\t\t\t<div class=\"elementor-shape elementor-shape-bottom\" aria-hidden=\"true\" data-negative=\"false\">\n\t\t\t<svg xmlns=\"http:\/\/www.w3.org\/2000\/svg\" viewBox=\"0 0 1000 20\" preserveAspectRatio=\"none\">\n\t<path class=\"elementor-shape-fill\" d=\"M0,0v3c0,0,393.8,0,483.4,0c9.2,0,16.6,7.4,16.6,16.6c0-9.1,7.4-16.6,16.6-16.6C606.2,3,1000,3,1000,3V0H0z\"\/>\n<\/svg>\t\t<\/div>\n\t\t\t\t<div class=\"elementor-element elementor-element-85b922d elementor-widget elementor-widget-heading\" data-id=\"85b922d\" data-element_type=\"widget\" data-widget_type=\"heading.default\">\n\t\t\t\t<div class=\"elementor-widget-container\">\n\t\t\t\t\t<h1 class=\"elementor-heading-title elementor-size-default\">VALEU, BOI! O NEG\u00d3CIO DA VAQUEJADA: DESCUBRA A HIST\u00d3RIA, A CULTURA E A L\u00d3GICA QUE TRANSFORMOU O ESPORTE DO SERT\u00c3O EM FEN\u00d4MENO NACIONAL<br><br>O estudo definitivo que revela a transforma\u00e7\u00e3o da vaquejada de pr\u00e1tica pastoril a um fen\u00f4meno cultural, esportivo e econ\u00f4mico de proje\u00e7\u00e3o nacional, escrito pela maior autoridade no assunto no Brasil, ap\u00f3s C\u00e2mara Cascudo.<\/h1>\t\t\t\t<\/div>\n\t\t\t\t<\/div>\n\t\t\t\t<div class=\"elementor-element elementor-element-d4d238b elementor-widget elementor-widget-button\" data-id=\"d4d238b\" data-element_type=\"widget\" data-widget_type=\"button.default\">\n\t\t\t\t<div class=\"elementor-widget-container\">\n\t\t\t\t\t\t\t\t\t<div class=\"elementor-button-wrapper\">\n\t\t\t\t\t<a class=\"elementor-button elementor-button-link elementor-size-sm\" href=\"https:\/\/pay.hotmart.com\/R99502732N\">\n\t\t\t\t\t\t<span class=\"elementor-button-content-wrapper\">\n\t\t\t\t\t\t\t\t\t<span class=\"elementor-button-text\">QUERO MEU EBOOK AGORA<\/span>\n\t\t\t\t\t<\/span>\n\t\t\t\t\t<\/a>\n\t\t\t\t<\/div>\n\t\t\t\t\t\t\t\t<\/div>\n\t\t\t\t<\/div>\n\t\t\t\t<\/div>\n\t\t\t\t<div class=\"elementor-element elementor-element-55a109a elementor-view-framed elementor-shape-circle elementor-position-top elementor-mobile-position-top elementor-widget elementor-widget-icon-box\" data-id=\"55a109a\" data-element_type=\"widget\" data-widget_type=\"icon-box.default\">\n\t\t\t\t<div class=\"elementor-widget-container\">\n\t\t\t\t\t\t\t<div class=\"elementor-icon-box-wrapper\">\n\n\t\t\t\t\t\t<div class=\"elementor-icon-box-icon\">\n\t\t\t\t<span  class=\"elementor-icon\">\n\t\t\t\t<svg aria-hidden=\"true\" class=\"e-font-icon-svg e-fas-arrow-alt-circle-down\" viewBox=\"0 0 512 512\" xmlns=\"http:\/\/www.w3.org\/2000\/svg\"><path d=\"M504 256c0 137-111 248-248 248S8 393 8 256 119 8 256 8s248 111 248 248zM212 140v116h-70.9c-10.7 0-16.1 13-8.5 20.5l114.9 114.3c4.7 4.7 12.2 4.7 16.9 0l114.9-114.3c7.6-7.6 2.2-20.5-8.5-20.5H300V140c0-6.6-5.4-12-12-12h-64c-6.6 0-12 5.4-12 12z\"><\/path><\/svg>\t\t\t\t<\/span>\n\t\t\t<\/div>\n\t\t\t\n\t\t\t\n\t\t<\/div>\n\t\t\t\t\t\t<\/div>\n\t\t\t\t<\/div>\n\t\t<div class=\"elementor-element elementor-element-fbc36c2 e-con-full e-flex e-con e-child\" data-id=\"fbc36c2\" data-element_type=\"container\" data-settings=\"{&quot;background_background&quot;:&quot;gradient&quot;,&quot;shape_divider_bottom&quot;:&quot;arrow&quot;}\">\n\t\t\t\t<div class=\"elementor-shape elementor-shape-bottom\" aria-hidden=\"true\" data-negative=\"false\">\n\t\t\t<svg xmlns=\"http:\/\/www.w3.org\/2000\/svg\" viewBox=\"0 0 700 10\" preserveAspectRatio=\"none\">\n\t<path class=\"elementor-shape-fill\" d=\"M350,10L340,0h20L350,10z\"\/>\n<\/svg>\t\t<\/div>\n\t\t\t\t<div class=\"elementor-element elementor-element-4329eb8 elementor-widget elementor-widget-heading\" data-id=\"4329eb8\" data-element_type=\"widget\" data-widget_type=\"heading.default\">\n\t\t\t\t<div class=\"elementor-widget-container\">\n\t\t\t\t\t<h2 class=\"elementor-heading-title elementor-size-default\">A VAQUEJADA: MAIS QUE UM ESPORTE, UM FEN\u00d4MENO CULTURAL E ECON\u00d4MICO<\/h2>\t\t\t\t<\/div>\n\t\t\t\t<\/div>\n\t\t\t\t<\/div>\n\t\t\t\t<div class=\"elementor-element elementor-element-bee0e1a elementor-widget elementor-widget-text-editor\" data-id=\"bee0e1a\" data-element_type=\"widget\" data-widget_type=\"text-editor.default\">\n\t\t\t\t<div class=\"elementor-widget-container\">\n\t\t\t\t\t\t\t\t\t<h3>Voc\u00ea j\u00e1 se perguntou como a vaquejada, uma pr\u00e1tica simples do sert\u00e3o, se transformou em um esporte vibrante e um neg\u00f3cio que gera milh\u00f5es? Por que esse fen\u00f4meno cultural, t\u00e3o arraigado no Nordeste, conquistou o Brasil inteiro? O que h\u00e1 por tr\u00e1s da l\u00f3gica desse neg\u00f3cio lucrativo que atrai multid\u00f5es?<\/h3><h3>Apesar de sua popularidade, a vaquejada contempor\u00e2nea como esporte e neg\u00f3cio ainda \u00e9 pouco estudada a fundo. Este livro revela os segredos dessa transforma\u00e7\u00e3o impressionante.<\/h3>\t\t\t\t\t\t\t\t<\/div>\n\t\t\t\t<\/div>\n\t\t\t\t<\/div>\n\t\t<div class=\"elementor-element elementor-element-0605101 e-flex e-con-boxed e-con e-parent\" data-id=\"0605101\" data-element_type=\"container\" data-settings=\"{&quot;background_background&quot;:&quot;gradient&quot;,&quot;shape_divider_bottom&quot;:&quot;split&quot;}\">\n\t\t\t\t\t<div class=\"e-con-inner\">\n\t\t\t\t<div class=\"elementor-shape elementor-shape-bottom\" aria-hidden=\"true\" data-negative=\"false\">\n\t\t\t<svg xmlns=\"http:\/\/www.w3.org\/2000\/svg\" viewBox=\"0 0 1000 20\" preserveAspectRatio=\"none\">\n\t<path class=\"elementor-shape-fill\" d=\"M0,0v3c0,0,393.8,0,483.4,0c9.2,0,16.6,7.4,16.6,16.6c0-9.1,7.4-16.6,16.6-16.6C606.2,3,1000,3,1000,3V0H0z\"\/>\n<\/svg>\t\t<\/div>\n\t\t<div class=\"elementor-element elementor-element-ad5bc74 e-con-full e-flex e-con e-child\" data-id=\"ad5bc74\" data-element_type=\"container\">\n\t\t\t\t<div class=\"elementor-element elementor-element-4f0228a elementor-widget elementor-widget-heading\" data-id=\"4f0228a\" data-element_type=\"widget\" data-widget_type=\"heading.default\">\n\t\t\t\t<div class=\"elementor-widget-container\">\n\t\t\t\t\t<h2 class=\"elementor-heading-title elementor-size-default\">VALEU, BOI! O NEG\u00d3CIO DA VAQUEJADA<\/h2>\t\t\t\t<\/div>\n\t\t\t\t<\/div>\n\t\t\t\t<div class=\"elementor-element elementor-element-a0424cc elementor-widget elementor-widget-text-editor\" data-id=\"a0424cc\" data-element_type=\"widget\" data-widget_type=\"text-editor.default\">\n\t\t\t\t<div class=\"elementor-widget-container\">\n\t\t\t\t\t\t\t\t\t<h3>A obra pioneira que rompe com as interpreta\u00e7\u00f5es est\u00e1ticas da vaquejada, revelando como ela se reinventou no presente.<\/h3><h3>A tese da &#8220;bricolagem&#8221; mostra que a vaquejada moderna n\u00e3o \u00e9 apenas uma &#8220;sobra&#8221; do passado ou uma &#8220;inven\u00e7\u00e3o&#8221; pura, mas uma constru\u00e7\u00e3o que utiliza peda\u00e7os cuidadosamente ressignificados da tradi\u00e7\u00e3o para criar algo novo e vibrante, no presente.<\/h3>\t\t\t\t\t\t\t\t<\/div>\n\t\t\t\t<\/div>\n\t\t\t\t<\/div>\n\t\t<div class=\"elementor-element elementor-element-c557ced e-con-full e-flex e-con e-child\" data-id=\"c557ced\" data-element_type=\"container\">\n\t\t\t\t<div class=\"elementor-element elementor-element-08de652 elementor-widget elementor-widget-image\" data-id=\"08de652\" data-element_type=\"widget\" data-widget_type=\"image.default\">\n\t\t\t\t<div class=\"elementor-widget-container\">\n\t\t\t\t\t\t\t\t\t\t\t\t\t\t\t<img fetchpriority=\"high\" decoding=\"async\" width=\"724\" height=\"1024\" src=\"https:\/\/ebookvaquejada.com\/wp-content\/uploads\/2025\/05\/capa-do-ebook-vaquejada-hotmart-724x1024.jpg\" class=\"attachment-large size-large wp-image-126\" alt=\"\" srcset=\"https:\/\/ebookvaquejada.com\/wp-content\/uploads\/2025\/05\/capa-do-ebook-vaquejada-hotmart-724x1024.jpg 724w, https:\/\/ebookvaquejada.com\/wp-content\/uploads\/2025\/05\/capa-do-ebook-vaquejada-hotmart-212x300.jpg 212w, https:\/\/ebookvaquejada.com\/wp-content\/uploads\/2025\/05\/capa-do-ebook-vaquejada-hotmart-768x1086.jpg 768w, https:\/\/ebookvaquejada.com\/wp-content\/uploads\/2025\/05\/capa-do-ebook-vaquejada-hotmart-1086x1536.jpg 1086w, https:\/\/ebookvaquejada.com\/wp-content\/uploads\/2025\/05\/capa-do-ebook-vaquejada-hotmart.jpg 1240w\" sizes=\"(max-width: 724px) 100vw, 724px\" \/>\t\t\t\t\t\t\t\t\t\t\t\t\t\t\t<\/div>\n\t\t\t\t<\/div>\n\t\t\t\t<div class=\"elementor-element elementor-element-92f21ea elementor-align-center elementor-tablet-align-center elementor-button-warning elementor-widget elementor-widget-button\" data-id=\"92f21ea\" data-element_type=\"widget\" data-widget_type=\"button.default\">\n\t\t\t\t<div class=\"elementor-widget-container\">\n\t\t\t\t\t\t\t\t\t<div class=\"elementor-button-wrapper\">\n\t\t\t\t\t<a class=\"elementor-button elementor-button-link elementor-size-sm\" href=\"https:\/\/pay.hotmart.com\/R99502732N\">\n\t\t\t\t\t\t<span class=\"elementor-button-content-wrapper\">\n\t\t\t\t\t\t\t\t\t<span class=\"elementor-button-text\">COMPRAR EBOOK AGORA<\/span>\n\t\t\t\t\t<\/span>\n\t\t\t\t\t<\/a>\n\t\t\t\t<\/div>\n\t\t\t\t\t\t\t\t<\/div>\n\t\t\t\t<\/div>\n\t\t\t\t<\/div>\n\t\t\t\t\t<\/div>\n\t\t\t\t<\/div>\n\t\t<div class=\"elementor-element elementor-element-5a94171 e-flex e-con-boxed e-con e-parent\" data-id=\"5a94171\" data-element_type=\"container\" data-settings=\"{&quot;background_background&quot;:&quot;gradient&quot;,&quot;shape_divider_bottom&quot;:&quot;split&quot;}\">\n\t\t\t\t\t<div class=\"e-con-inner\">\n\t\t\t\t<div class=\"elementor-shape elementor-shape-bottom\" aria-hidden=\"true\" data-negative=\"false\">\n\t\t\t<svg xmlns=\"http:\/\/www.w3.org\/2000\/svg\" viewBox=\"0 0 1000 20\" preserveAspectRatio=\"none\">\n\t<path class=\"elementor-shape-fill\" d=\"M0,0v3c0,0,393.8,0,483.4,0c9.2,0,16.6,7.4,16.6,16.6c0-9.1,7.4-16.6,16.6-16.6C606.2,3,1000,3,1000,3V0H0z\"\/>\n<\/svg>\t\t<\/div>\n\t\t\t\t<div class=\"elementor-element elementor-element-2058745 elementor-widget elementor-widget-heading\" data-id=\"2058745\" data-element_type=\"widget\" data-widget_type=\"heading.default\">\n\t\t\t\t<div class=\"elementor-widget-container\">\n\t\t\t\t\t<h2 class=\"elementor-heading-title elementor-size-default\">Para Quem \u00c9 Este Livro<\/h2>\t\t\t\t<\/div>\n\t\t\t\t<\/div>\n\t\t\t\t<div class=\"elementor-element elementor-element-3196989 elementor-view-default elementor-widget elementor-widget-icon\" data-id=\"3196989\" data-element_type=\"widget\" data-widget_type=\"icon.default\">\n\t\t\t\t<div class=\"elementor-widget-container\">\n\t\t\t\t\t\t\t<div class=\"elementor-icon-wrapper\">\n\t\t\t<div class=\"elementor-icon\">\n\t\t\t<i aria-hidden=\"true\" class=\"icon icon-book\"><\/i>\t\t\t<\/div>\n\t\t<\/div>\n\t\t\t\t\t\t<\/div>\n\t\t\t\t<\/div>\n\t\t\t\t<div class=\"elementor-element elementor-element-2c0ece2 elementor-widget elementor-widget-text-editor\" data-id=\"2c0ece2\" data-element_type=\"widget\" data-widget_type=\"text-editor.default\">\n\t\t\t\t<div class=\"elementor-widget-container\">\n\t\t\t\t\t\t\t\t\t<h3>1. Apaixonados e praticantes de vaquejada;<br \/>2. Estudantes e pesquisadores;<br \/>3. Profissionais do setor (organizadores, criadores, empres\u00e1rios);<br \/>4. Jornalistas e profissionais de m\u00eddia;<br \/>5. Entusiastas da cultura nordestina;<br \/>6. Qualquer pessoa curiosa sobre o fen\u00f4meno da vaquejada.<\/h3>\t\t\t\t\t\t\t\t<\/div>\n\t\t\t\t<\/div>\n\t\t\t\t\t<\/div>\n\t\t\t\t<\/div>\n\t\t<div class=\"elementor-element elementor-element-2ec5ba1 e-flex e-con-boxed e-con e-parent\" data-id=\"2ec5ba1\" data-element_type=\"container\" data-settings=\"{&quot;background_background&quot;:&quot;gradient&quot;}\">\n\t\t\t\t\t<div class=\"e-con-inner\">\n\t\t\t\t<div class=\"elementor-element elementor-element-7c5d619 elementor-widget elementor-widget-heading\" data-id=\"7c5d619\" data-element_type=\"widget\" data-widget_type=\"heading.default\">\n\t\t\t\t<div class=\"elementor-widget-container\">\n\t\t\t\t\t<h2 class=\"elementor-heading-title elementor-size-default\">O Que Voc\u00ea Vai Descobrir Neste Livro<\/h2>\t\t\t\t<\/div>\n\t\t\t\t<\/div>\n\t\t\t\t<div class=\"elementor-element elementor-element-f58ef94 elementor-view-default elementor-widget elementor-widget-icon\" data-id=\"f58ef94\" data-element_type=\"widget\" data-widget_type=\"icon.default\">\n\t\t\t\t<div class=\"elementor-widget-container\">\n\t\t\t\t\t\t\t<div class=\"elementor-icon-wrapper\">\n\t\t\t<div class=\"elementor-icon\">\n\t\t\t<i aria-hidden=\"true\" class=\"icon icon-question-circle\"><\/i>\t\t\t<\/div>\n\t\t<\/div>\n\t\t\t\t\t\t<\/div>\n\t\t\t\t<\/div>\n\t\t\t\t<div class=\"elementor-element elementor-element-f4aedae elementor-widget elementor-widget-text-editor\" data-id=\"f4aedae\" data-element_type=\"widget\" data-widget_type=\"text-editor.default\">\n\t\t\t\t<div class=\"elementor-widget-container\">\n\t\t\t\t\t\t\t\t\t<h3>1. A genealogia fascinante da vaquejada e sua liga\u00e7\u00e3o com o ciclo do gado;<br \/>2. A transi\u00e7\u00e3o do vaqueiro &#8220;her\u00f3i do sert\u00e3o&#8221; (vaqueiro de fazenda) para o vaqueiro &#8220;campe\u00e3o&#8221; (vaqueiro desportista);<br \/>3. A entrada dos cavalos de ra\u00e7a como pe\u00e7as-chave de alto valor;<br \/>4. A l\u00f3gica de neg\u00f3cio dos parques de vaquejada;<br \/>5. O papel da m\u00eddia na populariza\u00e7\u00e3o;<br \/>6. O fen\u00f4meno da &#8220;vaqueiriza\u00e7\u00e3o&#8221; das cidades;<br \/>7. A vaquejada como &#8220;produto cultural&#8221; e espelho da identidade nordestina;<br \/>8. Os impactos econ\u00f4micos e tur\u00edsticos;<br \/>9. As diferen\u00e7as entre vaquejada do passado e do presente.<\/h3>\t\t\t\t\t\t\t\t<\/div>\n\t\t\t\t<\/div>\n\t\t\t\t\t<\/div>\n\t\t\t\t<\/div>\n\t\t<div class=\"elementor-element elementor-element-b2736e2 e-flex e-con-boxed e-con e-parent\" data-id=\"b2736e2\" data-element_type=\"container\" data-settings=\"{&quot;background_background&quot;:&quot;classic&quot;,&quot;shape_divider_bottom&quot;:&quot;split&quot;}\">\n\t\t\t\t\t<div class=\"e-con-inner\">\n\t\t\t\t<div class=\"elementor-shape elementor-shape-bottom\" aria-hidden=\"true\" data-negative=\"false\">\n\t\t\t<svg xmlns=\"http:\/\/www.w3.org\/2000\/svg\" viewBox=\"0 0 1000 20\" preserveAspectRatio=\"none\">\n\t<path class=\"elementor-shape-fill\" d=\"M0,0v3c0,0,393.8,0,483.4,0c9.2,0,16.6,7.4,16.6,16.6c0-9.1,7.4-16.6,16.6-16.6C606.2,3,1000,3,1000,3V0H0z\"\/>\n<\/svg>\t\t<\/div>\n\t\t\t\t<div class=\"elementor-element elementor-element-458bcc9 elementor-widget elementor-widget-heading\" data-id=\"458bcc9\" data-element_type=\"widget\" data-widget_type=\"heading.default\">\n\t\t\t\t<div class=\"elementor-widget-container\">\n\t\t\t\t\t<h2 class=\"elementor-heading-title elementor-size-default\">Amplamente Reconhecida e Procurada<\/h2>\t\t\t\t<\/div>\n\t\t\t\t<\/div>\n\t\t\t\t<div class=\"elementor-element elementor-element-c3971ce elementor-widget elementor-widget-rating\" data-id=\"c3971ce\" data-element_type=\"widget\" data-widget_type=\"rating.default\">\n\t\t\t\t<div class=\"elementor-widget-container\">\n\t\t\t\t\t\t\t<div class=\"e-rating\" itemtype=\"https:\/\/schema.org\/Rating\" itemscope=\"\" itemprop=\"reviewRating\">\n\t\t\t<meta itemprop=\"worstRating\" content=\"0\">\n\t\t\t<meta itemprop=\"bestRating\" content=\"5\">\n\t\t\t<div class=\"e-rating-wrapper\" itemprop=\"ratingValue\" content=\"5\" role=\"img\" aria-label=\"Classificado como 5 de 5\">\n\t\t\t\t\t\t\t<div class=\"e-icon\">\n\t\t\t\t<div class=\"e-icon-wrapper e-icon-marked\">\n\t\t\t\t\t<svg aria-hidden=\"true\" class=\"e-font-icon-svg e-eicon-star\" viewBox=\"0 0 1000 1000\" xmlns=\"http:\/\/www.w3.org\/2000\/svg\"><path d=\"M450 75L338 312 88 350C46 354 25 417 58 450L238 633 196 896C188 942 238 975 275 954L500 837 725 954C767 975 813 942 804 896L763 633 942 450C975 417 954 358 913 350L663 312 550 75C529 33 471 33 450 75Z\"><\/path><\/svg>\t\t\t\t<\/div>\n\t\t\t\t<div class=\"e-icon-wrapper e-icon-unmarked\">\n\t\t\t\t\t<svg aria-hidden=\"true\" class=\"e-font-icon-svg e-eicon-star\" viewBox=\"0 0 1000 1000\" xmlns=\"http:\/\/www.w3.org\/2000\/svg\"><path d=\"M450 75L338 312 88 350C46 354 25 417 58 450L238 633 196 896C188 942 238 975 275 954L500 837 725 954C767 975 813 942 804 896L763 633 942 450C975 417 954 358 913 350L663 312 550 75C529 33 471 33 450 75Z\"><\/path><\/svg>\t\t\t\t<\/div>\n\t\t\t<\/div>\n\t\t\t\t\t\t<div class=\"e-icon\">\n\t\t\t\t<div class=\"e-icon-wrapper e-icon-marked\">\n\t\t\t\t\t<svg aria-hidden=\"true\" class=\"e-font-icon-svg e-eicon-star\" viewBox=\"0 0 1000 1000\" xmlns=\"http:\/\/www.w3.org\/2000\/svg\"><path d=\"M450 75L338 312 88 350C46 354 25 417 58 450L238 633 196 896C188 942 238 975 275 954L500 837 725 954C767 975 813 942 804 896L763 633 942 450C975 417 954 358 913 350L663 312 550 75C529 33 471 33 450 75Z\"><\/path><\/svg>\t\t\t\t<\/div>\n\t\t\t\t<div class=\"e-icon-wrapper e-icon-unmarked\">\n\t\t\t\t\t<svg aria-hidden=\"true\" class=\"e-font-icon-svg e-eicon-star\" viewBox=\"0 0 1000 1000\" xmlns=\"http:\/\/www.w3.org\/2000\/svg\"><path d=\"M450 75L338 312 88 350C46 354 25 417 58 450L238 633 196 896C188 942 238 975 275 954L500 837 725 954C767 975 813 942 804 896L763 633 942 450C975 417 954 358 913 350L663 312 550 75C529 33 471 33 450 75Z\"><\/path><\/svg>\t\t\t\t<\/div>\n\t\t\t<\/div>\n\t\t\t\t\t\t<div class=\"e-icon\">\n\t\t\t\t<div class=\"e-icon-wrapper e-icon-marked\">\n\t\t\t\t\t<svg aria-hidden=\"true\" class=\"e-font-icon-svg e-eicon-star\" viewBox=\"0 0 1000 1000\" xmlns=\"http:\/\/www.w3.org\/2000\/svg\"><path d=\"M450 75L338 312 88 350C46 354 25 417 58 450L238 633 196 896C188 942 238 975 275 954L500 837 725 954C767 975 813 942 804 896L763 633 942 450C975 417 954 358 913 350L663 312 550 75C529 33 471 33 450 75Z\"><\/path><\/svg>\t\t\t\t<\/div>\n\t\t\t\t<div class=\"e-icon-wrapper e-icon-unmarked\">\n\t\t\t\t\t<svg aria-hidden=\"true\" class=\"e-font-icon-svg e-eicon-star\" viewBox=\"0 0 1000 1000\" xmlns=\"http:\/\/www.w3.org\/2000\/svg\"><path d=\"M450 75L338 312 88 350C46 354 25 417 58 450L238 633 196 896C188 942 238 975 275 954L500 837 725 954C767 975 813 942 804 896L763 633 942 450C975 417 954 358 913 350L663 312 550 75C529 33 471 33 450 75Z\"><\/path><\/svg>\t\t\t\t<\/div>\n\t\t\t<\/div>\n\t\t\t\t\t\t<div class=\"e-icon\">\n\t\t\t\t<div class=\"e-icon-wrapper e-icon-marked\">\n\t\t\t\t\t<svg aria-hidden=\"true\" class=\"e-font-icon-svg e-eicon-star\" viewBox=\"0 0 1000 1000\" xmlns=\"http:\/\/www.w3.org\/2000\/svg\"><path d=\"M450 75L338 312 88 350C46 354 25 417 58 450L238 633 196 896C188 942 238 975 275 954L500 837 725 954C767 975 813 942 804 896L763 633 942 450C975 417 954 358 913 350L663 312 550 75C529 33 471 33 450 75Z\"><\/path><\/svg>\t\t\t\t<\/div>\n\t\t\t\t<div class=\"e-icon-wrapper e-icon-unmarked\">\n\t\t\t\t\t<svg aria-hidden=\"true\" class=\"e-font-icon-svg e-eicon-star\" viewBox=\"0 0 1000 1000\" xmlns=\"http:\/\/www.w3.org\/2000\/svg\"><path d=\"M450 75L338 312 88 350C46 354 25 417 58 450L238 633 196 896C188 942 238 975 275 954L500 837 725 954C767 975 813 942 804 896L763 633 942 450C975 417 954 358 913 350L663 312 550 75C529 33 471 33 450 75Z\"><\/path><\/svg>\t\t\t\t<\/div>\n\t\t\t<\/div>\n\t\t\t\t\t\t<div class=\"e-icon\">\n\t\t\t\t<div class=\"e-icon-wrapper e-icon-marked\">\n\t\t\t\t\t<svg aria-hidden=\"true\" class=\"e-font-icon-svg e-eicon-star\" viewBox=\"0 0 1000 1000\" xmlns=\"http:\/\/www.w3.org\/2000\/svg\"><path d=\"M450 75L338 312 88 350C46 354 25 417 58 450L238 633 196 896C188 942 238 975 275 954L500 837 725 954C767 975 813 942 804 896L763 633 942 450C975 417 954 358 913 350L663 312 550 75C529 33 471 33 450 75Z\"><\/path><\/svg>\t\t\t\t<\/div>\n\t\t\t\t<div class=\"e-icon-wrapper e-icon-unmarked\">\n\t\t\t\t\t<svg aria-hidden=\"true\" class=\"e-font-icon-svg e-eicon-star\" viewBox=\"0 0 1000 1000\" xmlns=\"http:\/\/www.w3.org\/2000\/svg\"><path d=\"M450 75L338 312 88 350C46 354 25 417 58 450L238 633 196 896C188 942 238 975 275 954L500 837 725 954C767 975 813 942 804 896L763 633 942 450C975 417 954 358 913 350L663 312 550 75C529 33 471 33 450 75Z\"><\/path><\/svg>\t\t\t\t<\/div>\n\t\t\t<\/div>\n\t\t\t\t\t\t<\/div>\n\t\t<\/div>\n\t\t\t\t\t\t<\/div>\n\t\t\t\t<\/div>\n\t\t\t\t<div class=\"elementor-element elementor-element-225864c elementor-widget elementor-widget-heading\" data-id=\"225864c\" data-element_type=\"widget\" data-widget_type=\"heading.default\">\n\t\t\t\t<div class=\"elementor-widget-container\">\n\t\t\t\t\t<h3 class=\"elementor-heading-title elementor-size-default\">Desde sua publica\u00e7\u00e3o original em 2006, esta obra esgotou completamente suas edi\u00e7\u00f5es f\u00edsicas. Mesmo anos depois, pessoas ainda procuram incansavelmente por um exemplar.\n\nA disponibiliza\u00e7\u00e3o em ebook atende a essa demanda cont\u00ednua e \u00e0 relev\u00e2ncia perene do assunto. Hoje, esta \u00e9 a principal refer\u00eancia acad\u00eamica sobre a vaquejada no Brasil.<\/h3>\t\t\t\t<\/div>\n\t\t\t\t<\/div>\n\t\t\t\t\t<\/div>\n\t\t\t\t<\/div>\n\t\t<div class=\"elementor-element elementor-element-9228c9f e-flex e-con-boxed e-con e-parent\" data-id=\"9228c9f\" data-element_type=\"container\" data-settings=\"{&quot;background_background&quot;:&quot;gradient&quot;,&quot;shape_divider_bottom&quot;:&quot;split&quot;}\">\n\t\t\t\t\t<div class=\"e-con-inner\">\n\t\t\t\t<div class=\"elementor-shape elementor-shape-bottom\" aria-hidden=\"true\" data-negative=\"false\">\n\t\t\t<svg xmlns=\"http:\/\/www.w3.org\/2000\/svg\" viewBox=\"0 0 1000 20\" preserveAspectRatio=\"none\">\n\t<path class=\"elementor-shape-fill\" d=\"M0,0v3c0,0,393.8,0,483.4,0c9.2,0,16.6,7.4,16.6,16.6c0-9.1,7.4-16.6,16.6-16.6C606.2,3,1000,3,1000,3V0H0z\"\/>\n<\/svg>\t\t<\/div>\n\t\t\t\t<div class=\"elementor-element elementor-element-8cd2a2c elementor-widget elementor-widget-heading\" data-id=\"8cd2a2c\" data-element_type=\"widget\" data-widget_type=\"heading.default\">\n\t\t\t\t<div class=\"elementor-widget-container\">\n\t\t\t\t\t<h1 class=\"elementor-heading-title elementor-size-default\">N\u00c3O PERCA A CHANCE DE TER ESSE ESTUDO ESSENCIAL!<\/h1>\t\t\t\t<\/div>\n\t\t\t\t<\/div>\n\t\t\t\t<div class=\"elementor-element elementor-element-6067298 elementor-widget elementor-widget-text-editor\" data-id=\"6067298\" data-element_type=\"widget\" data-widget_type=\"text-editor.default\">\n\t\t\t\t<div class=\"elementor-widget-container\">\n\t\t\t\t\t\t\t\t\t<h3>Garanta Agora Seu Acesso Imediato a Esta Obra Fundamental<\/h3>\t\t\t\t\t\t\t\t<\/div>\n\t\t\t\t<\/div>\n\t\t\t\t<div class=\"elementor-element elementor-element-9c6db13 elementor-tablet-align-center elementor-align-center elementor-widget elementor-widget-button\" data-id=\"9c6db13\" data-element_type=\"widget\" data-widget_type=\"button.default\">\n\t\t\t\t<div class=\"elementor-widget-container\">\n\t\t\t\t\t\t\t\t\t<div class=\"elementor-button-wrapper\">\n\t\t\t\t\t<a class=\"elementor-button elementor-button-link elementor-size-sm\" href=\"https:\/\/pay.hotmart.com\/R99502732N\">\n\t\t\t\t\t\t<span class=\"elementor-button-content-wrapper\">\n\t\t\t\t\t\t\t\t\t<span class=\"elementor-button-text\">QUERO MEU EBOOK AGORA<\/span>\n\t\t\t\t\t<\/span>\n\t\t\t\t\t<\/a>\n\t\t\t\t<\/div>\n\t\t\t\t\t\t\t\t<\/div>\n\t\t\t\t<\/div>\n\t\t\t\t<div class=\"elementor-element elementor-element-4136d2a elementor-widget elementor-widget-text-editor\" data-id=\"4136d2a\" data-element_type=\"widget\" data-widget_type=\"text-editor.default\">\n\t\t\t\t<div class=\"elementor-widget-container\">\n\t\t\t\t\t\t\t\t\t<p>Acesso imediato ap\u00f3s a compra<\/p>\t\t\t\t\t\t\t\t<\/div>\n\t\t\t\t<\/div>\n\t\t\t\t\t<\/div>\n\t\t\t\t<\/div>\n\t\t<div class=\"elementor-element elementor-element-4841f33 e-con-full e-flex e-con e-parent\" data-id=\"4841f33\" data-element_type=\"container\" data-settings=\"{&quot;background_background&quot;:&quot;gradient&quot;}\">\n\t\t\t\t<div class=\"elementor-element elementor-element-5c30b9f elementor-widget elementor-widget-ht-hf-copyright\" data-id=\"5c30b9f\" data-element_type=\"widget\" data-widget_type=\"ht-hf-copyright.default\">\n\t\t\t\t<div class=\"elementor-widget-container\">\n\t\t\t\t\t\t\t<div class=\"boostify-copyright-wrapper\">\n\t\t\t<div class=\"boostify-main--wrapper\">\n\t\t\t\t<span>\n\t\t\t\t\tCopyright \u00a9 2026 <a class=\"boostify-copyright-info\" href=\"https:\/\/ebookvaquejada.com\/\">ebookvaquejada<\/a> | All Rights Reserved. Designed by [Eriosvaldo Barbosa].\t\t\t\t<\/span>\n\t\t\t<\/div>\n\t\t<\/div>\n\t\t\t\t\t\t<\/div>\n\t\t\t\t<\/div>\n\t\t\t\t<\/div>\n\t\t<div class=\"elementor-element elementor-element-940144b e-flex e-con-boxed e-con e-parent\" data-id=\"940144b\" data-element_type=\"container\">\n\t\t\t\t\t<div class=\"e-con-inner\">\n\t\t<div class=\"elementor-element elementor-element-940b879 e-con-full e-flex e-con e-child\" data-id=\"940b879\" data-element_type=\"container\">\n\t\t\t\t<\/div>\n\t\t<div class=\"elementor-element elementor-element-b029056 e-con-full e-flex e-con e-child\" data-id=\"b029056\" data-element_type=\"container\">\n\t\t\t\t<\/div>\n\t\t\t\t\t<\/div>\n\t\t\t\t<\/div>\n\t\t\t\t<\/div>\n\t\t","protected":false},"excerpt":{"rendered":"<p>Descubra a hist\u00f3ria e a l\u00f3gica por tr\u00e1s da vaquejada, o fen\u00f4meno cultural e econ\u00f4mico do Nordeste. O estudo definitivo agora em ebook.<\/p>\n","protected":false},"author":1,"featured_media":22,"parent":0,"menu_order":1,"comment_status":"closed","ping_status":"closed","template":"elementor_theme","meta":{"footnotes":""},"class_list":["post-10","page","type-page","status-publish","has-post-thumbnail","hentry"],"_links":{"self":[{"href":"https:\/\/ebookvaquejada.com\/index.php?rest_route=\/wp\/v2\/pages\/10","targetHints":{"allow":["GET"]}}],"collection":[{"href":"https:\/\/ebookvaquejada.com\/index.php?rest_route=\/wp\/v2\/pages"}],"about":[{"href":"https:\/\/ebookvaquejada.com\/index.php?rest_route=\/wp\/v2\/types\/page"}],"author":[{"embeddable":true,"href":"https:\/\/ebookvaquejada.com\/index.php?rest_route=\/wp\/v2\/users\/1"}],"replies":[{"embeddable":true,"href":"https:\/\/ebookvaquejada.com\/index.php?rest_route=%2Fwp%2Fv2%2Fcomments&post=10"}],"version-history":[{"count":89,"href":"https:\/\/ebookvaquejada.com\/index.php?rest_route=\/wp\/v2\/pages\/10\/revisions"}],"predecessor-version":[{"id":144,"href":"https:\/\/ebookvaquejada.com\/index.php?rest_route=\/wp\/v2\/pages\/10\/revisions\/144"}],"wp:featuredmedia":[{"embeddable":true,"href":"https:\/\/ebookvaquejada.com\/index.php?rest_route=\/wp\/v2\/media\/22"}],"wp:attachment":[{"href":"https:\/\/ebookvaquejada.com\/index.php?rest_route=%2Fwp%2Fv2%2Fmedia&parent=10"}],"curies":[{"name":"wp","href":"https:\/\/api.w.org\/{rel}","templated":true}]}}